{"id":61,"date":"2025-01-22T01:32:44","date_gmt":"2025-01-22T00:32:44","guid":{"rendered":"https:\/\/zsp.lbo1.pl\/Woj\/wordpress\/?page_id=61"},"modified":"2025-01-27T17:33:52","modified_gmt":"2025-01-27T16:33:52","slug":"strona-glowna","status":"publish","type":"page","link":"https:\/\/zsp.lbo1.pl\/Woj\/wordpress\/index.php\/strona-glowna\/","title":{"rendered":"Strona G\u0142\u00f3wna"},"content":{"rendered":"\t\t<div data-elementor-type=\"wp-page\" data-elementor-id=\"61\" class=\"elementor elementor-61\">\n\t\t\t\t<div class=\"elementor-element elementor-element-acc3ea6 e-flex e-con-boxed e-con e-parent\" data-id=\"acc3ea6\" data-element_type=\"container\">\n\t\t\t\t\t<div class=\"e-con-inner\">\n\t\t\t\t<div class=\"elementor-element elementor-element-8c7111c elementor-widget elementor-widget-image\" data-id=\"8c7111c\" data-element_type=\"widget\" data-widget_type=\"image.default\">\n\t\t\t\t<div class=\"elementor-widget-container\">\n\t\t\t\t\t\t\t\t\t\t\t\t\t\t\t<img fetchpriority=\"high\" decoding=\"async\" width=\"640\" height=\"393\" src=\"https:\/\/zsp.lbo1.pl\/Woj\/wordpress\/wp-content\/uploads\/2025\/01\/Zrzut-ekranu-2025-01-27-173135.jpg\" class=\"attachment-large size-large wp-image-126\" alt=\"\" srcset=\"https:\/\/zsp.lbo1.pl\/Woj\/wordpress\/wp-content\/uploads\/2025\/01\/Zrzut-ekranu-2025-01-27-173135.jpg 737w, https:\/\/zsp.lbo1.pl\/Woj\/wordpress\/wp-content\/uploads\/2025\/01\/Zrzut-ekranu-2025-01-27-173135-300x184.jpg 300w\" sizes=\"(max-width: 640px) 100vw, 640px\" \/>\t\t\t\t\t\t\t\t\t\t\t\t\t\t\t<\/div>\n\t\t\t\t<\/div>\n\t\t\t\t\t<\/div>\n\t\t\t\t<\/div>\n\t\t<div class=\"elementor-element elementor-element-39bb9f7d e-flex e-con-boxed e-con e-parent\" data-id=\"39bb9f7d\" data-element_type=\"container\">\n\t\t\t\t\t<div class=\"e-con-inner\">\n\t\t\t\t<div class=\"elementor-element elementor-element-231fc87e elementor-widget elementor-widget-text-editor\" data-id=\"231fc87e\" data-element_type=\"widget\" data-widget_type=\"text-editor.default\">\n\t\t\t\t<div class=\"elementor-widget-container\">\n\t\t\t\t\t\t\t\t\t<nav class=\"is-responsive wp-block-navigation is-layout-flex wp-block-navigation-is-layout-flex\" aria-label=\"Nawigacja 2\" \n\t\t data-wp-interactive=\"core\/navigation\" data-wp-context='{\"overlayOpenedBy\":{\"click\":false,\"hover\":false,\"focus\":false},\"type\":\"overlay\",\"roleAttribute\":\"\",\"ariaLabel\":\"Menu\"}'><button aria-haspopup=\"dialog\" aria-label=\"Rozwi\u0144 menu\" class=\"wp-block-navigation__responsive-container-open\" \n\t\t\t\tdata-wp-on--click=\"actions.openMenuOnClick\"\n\t\t\t\tdata-wp-on--keydown=\"actions.handleMenuKeydown\"\n\t\t\t><svg width=\"24\" height=\"24\" xmlns=\"http:\/\/www.w3.org\/2000\/svg\" viewBox=\"0 0 24 24\" aria-hidden=\"true\" focusable=\"false\"><path d=\"M4 7.5h16v1.5H4z\"><\/path><path d=\"M4 15h16v1.5H4z\"><\/path><\/svg><\/button>\n\t\t\t\t<div class=\"wp-block-navigation__responsive-container\"  id=\"modal-2\" \n\t\t\t\tdata-wp-class--has-modal-open=\"state.isMenuOpen\"\n\t\t\t\tdata-wp-class--is-menu-open=\"state.isMenuOpen\"\n\t\t\t\tdata-wp-watch=\"callbacks.initMenu\"\n\t\t\t\tdata-wp-on--keydown=\"actions.handleMenuKeydown\"\n\t\t\t\tdata-wp-on--focusout=\"actions.handleMenuFocusout\"\n\t\t\t\ttabindex=\"-1\"\n\t\t\t>\n\t\t\t\t\t<div class=\"wp-block-navigation__responsive-close\" tabindex=\"-1\">\n\t\t\t\t\t\t<div class=\"wp-block-navigation__responsive-dialog\" \n\t\t\t\tdata-wp-bind--aria-modal=\"state.ariaModal\"\n\t\t\t\tdata-wp-bind--aria-label=\"state.ariaLabel\"\n\t\t\t\tdata-wp-bind--role=\"state.roleAttribute\"\n\t\t\t>\n\t\t\t\t\t\t\t<button aria-label=\"Zamknij menu\" class=\"wp-block-navigation__responsive-container-close\" \n\t\t\t\tdata-wp-on--click=\"actions.closeMenuOnClick\"\n\t\t\t><svg xmlns=\"http:\/\/www.w3.org\/2000\/svg\" viewBox=\"0 0 24 24\" width=\"24\" height=\"24\" aria-hidden=\"true\" focusable=\"false\"><path d=\"m13.06 12 6.47-6.47-1.06-1.06L12 10.94 5.53 4.47 4.47 5.53 10.94 12l-6.47 6.47 1.06 1.06L12 13.06l6.47 6.47 1.06-1.06L13.06 12Z\"><\/path><\/svg><\/button>\n\t\t\t\t\t\t\t<div class=\"wp-block-navigation__responsive-container-content\" \n\t\t\t\tdata-wp-watch=\"callbacks.focusFirstElement\"\n\t\t\t id=\"modal-2-content\">\n\t\t\t\t\t\t\t\t<ul class=\"wp-block-navigation__container is-responsive wp-block-navigation\"><ul class=\"wp-block-page-list\"><li class=\"wp-block-pages-list__item wp-block-navigation-item open-on-hover-click\"><a class=\"wp-block-pages-list__item__link wp-block-navigation-item__content\" href=\"https:\/\/zsp.lbo1.pl\/Woj\/wordpress\/index.php\/4a\/\">4A<\/a><\/li><li class=\"wp-block-pages-list__item wp-block-navigation-item open-on-hover-click\"><a class=\"wp-block-pages-list__item__link wp-block-navigation-item__content\" href=\"https:\/\/zsp.lbo1.pl\/Woj\/wordpress\/index.php\/4b\/\">4B<\/a><\/li><li class=\"wp-block-pages-list__item wp-block-navigation-item open-on-hover-click\"><a class=\"wp-block-pages-list__item__link wp-block-navigation-item__content\" href=\"https:\/\/zsp.lbo1.pl\/Woj\/wordpress\/index.php\/5a\/\">5A<\/a><\/li><li class=\"wp-block-pages-list__item wp-block-navigation-item open-on-hover-click\"><a class=\"wp-block-pages-list__item__link wp-block-navigation-item__content\" href=\"https:\/\/zsp.lbo1.pl\/Woj\/wordpress\/index.php\/5b\/\">5B<\/a><\/li><li class=\"wp-block-pages-list__item wp-block-navigation-item open-on-hover-click\"><a class=\"wp-block-pages-list__item__link wp-block-navigation-item__content\" href=\"https:\/\/zsp.lbo1.pl\/Woj\/wordpress\/index.php\/6a\/\">6A<\/a><\/li><li class=\"wp-block-pages-list__item wp-block-navigation-item open-on-hover-click\"><a class=\"wp-block-pages-list__item__link wp-block-navigation-item__content\" href=\"https:\/\/zsp.lbo1.pl\/Woj\/wordpress\/index.php\/6b\/\">6B<\/a><\/li><li class=\"wp-block-pages-list__item wp-block-navigation-item open-on-hover-click\"><a class=\"wp-block-pages-list__item__link wp-block-navigation-item__content\" href=\"https:\/\/zsp.lbo1.pl\/Woj\/wordpress\/index.php\/7a\/\">7A<\/a><\/li><li class=\"wp-block-pages-list__item wp-block-navigation-item open-on-hover-click\"><a class=\"wp-block-pages-list__item__link wp-block-navigation-item__content\" href=\"https:\/\/zsp.lbo1.pl\/Woj\/wordpress\/index.php\/7b\/\">7B<\/a><\/li><li class=\"wp-block-pages-list__item wp-block-navigation-item open-on-hover-click\"><a class=\"wp-block-pages-list__item__link wp-block-navigation-item__content\" href=\"https:\/\/zsp.lbo1.pl\/Woj\/wordpress\/index.php\/8a\/\">8A<\/a><\/li><li class=\"wp-block-pages-list__item wp-block-navigation-item open-on-hover-click\"><a class=\"wp-block-pages-list__item__link wp-block-navigation-item__content\" href=\"https:\/\/zsp.lbo1.pl\/Woj\/wordpress\/index.php\/8b\/\">8B<\/a><\/li><li class=\"wp-block-pages-list__item wp-block-navigation-item open-on-hover-click\"><a class=\"wp-block-pages-list__item__link wp-block-navigation-item__content\" href=\"https:\/\/zsp.lbo1.pl\/Woj\/wordpress\/index.php\/galeria-zdjec\/\">Galeria Zdj\u0119\u0107<\/a><\/li><li class=\"wp-block-pages-list__item wp-block-navigation-item open-on-hover-click\"><a class=\"wp-block-pages-list__item__link wp-block-navigation-item__content\" href=\"https:\/\/zsp.lbo1.pl\/Woj\/wordpress\/index.php\/harmonogram-biblioteki\/\">Harmonogram Biblioteki<\/a><\/li><li class=\"wp-block-pages-list__item wp-block-navigation-item open-on-hover-click\"><a class=\"wp-block-pages-list__item__link wp-block-navigation-item__content\" href=\"https:\/\/zsp.lbo1.pl\/Woj\/wordpress\/index.php\/harmonogram-swietlicy\/\">Harmonogram \u015awietlicy<\/a><\/li><li class=\"wp-block-pages-list__item wp-block-navigation-item open-on-hover-click\"><a class=\"wp-block-pages-list__item__link wp-block-navigation-item__content\" href=\"https:\/\/zsp.lbo1.pl\/Woj\/wordpress\/index.php\/kalendarz\/\">Kalendarz<\/a><\/li><li class=\"wp-block-pages-list__item wp-block-navigation-item open-on-hover-click\"><a class=\"wp-block-pages-list__item__link wp-block-navigation-item__content\" href=\"https:\/\/zsp.lbo1.pl\/Woj\/wordpress\/index.php\/konto\/\">Konto<\/a><\/li><li class=\"wp-block-pages-list__item wp-block-navigation-item open-on-hover-click\"><a class=\"wp-block-pages-list__item__link wp-block-navigation-item__content\" href=\"https:\/\/zsp.lbo1.pl\/Woj\/wordpress\/index.php\/obecnosc-nauczycieli\/\">Obecno\u015b\u0107 Nauczycieli<\/a><\/li><li class=\"wp-block-pages-list__item wp-block-navigation-item open-on-hover-click\"><a class=\"wp-block-pages-list__item__link wp-block-navigation-item__content\" href=\"https:\/\/zsp.lbo1.pl\/Woj\/wordpress\/index.php\/odjazdy-autobusow\/\">Odjazdy Autobus\u00f3w<\/a><\/li><li class=\"wp-block-pages-list__item wp-block-navigation-item open-on-hover-click\"><a class=\"wp-block-pages-list__item__link wp-block-navigation-item__content\" href=\"https:\/\/zsp.lbo1.pl\/Woj\/wordpress\/index.php\/ogloszenia\/\">Og\u0142oszenia<\/a><\/li><li class=\"wp-block-pages-list__item wp-block-navigation-item open-on-hover-click\"><a class=\"wp-block-pages-list__item__link wp-block-navigation-item__content\" href=\"https:\/\/zsp.lbo1.pl\/Woj\/wordpress\/index.php\/plan-lekcji\/\">Plan Lekcji<\/a><\/li><li class=\"wp-block-pages-list__item wp-block-navigation-item open-on-hover-click\"><a class=\"wp-block-pages-list__item__link wp-block-navigation-item__content\" href=\"https:\/\/zsp.lbo1.pl\/Woj\/wordpress\/index.php\/strona-glowna\/\">Strona G\u0142\u00f3wna<\/a><\/li><\/ul><\/ul>\n\t\t\t\t\t\t\t<\/div>\n\t\t\t\t\t\t<\/div>\n\t\t\t\t\t<\/div>\n\t\t\t\t<\/div><\/nav>\n\n<div class=\"wp-classic-menu-block \"><ul id=\"menu-zsp-1\" class=\"menu\"><li class=\"menu-item menu-item-type-post_type menu-item-object-page menu-item-60\"><a href=\"https:\/\/zsp.lbo1.pl\/Woj\/wordpress\/index.php\/plan-lekcji\/\">Plan Lekcji<\/a><\/li>\n<li class=\"menu-item menu-item-type-post_type menu-item-object-page menu-item-53\"><a href=\"https:\/\/zsp.lbo1.pl\/Woj\/wordpress\/index.php\/harmonogram-biblioteki\/\">Harmonogram Biblioteki<\/a><\/li>\n<li class=\"menu-item menu-item-type-post_type menu-item-object-page menu-item-54\"><a href=\"https:\/\/zsp.lbo1.pl\/Woj\/wordpress\/index.php\/harmonogram-swietlicy\/\">Harmonogram \u015awietlicy<\/a><\/li>\n<li class=\"menu-item menu-item-type-post_type menu-item-object-page menu-item-55\"><a href=\"https:\/\/zsp.lbo1.pl\/Woj\/wordpress\/index.php\/kalendarz\/\">Kalendarz<\/a><\/li>\n<li class=\"menu-item menu-item-type-post_type menu-item-object-page menu-item-56\"><a href=\"https:\/\/zsp.lbo1.pl\/Woj\/wordpress\/index.php\/konto\/\">Konto<\/a><\/li>\n<li class=\"menu-item menu-item-type-post_type menu-item-object-page menu-item-52\"><a href=\"https:\/\/zsp.lbo1.pl\/Woj\/wordpress\/index.php\/galeria-zdjec\/\">Galeria Zdj\u0119\u0107<\/a><\/li>\n<li class=\"menu-item menu-item-type-post_type menu-item-object-page menu-item-57\"><a href=\"https:\/\/zsp.lbo1.pl\/Woj\/wordpress\/index.php\/obecnosc-nauczycieli\/\">Obecno\u015b\u0107 Nauczycieli<\/a><\/li>\n<li class=\"menu-item menu-item-type-post_type menu-item-object-page menu-item-58\"><a href=\"https:\/\/zsp.lbo1.pl\/Woj\/wordpress\/index.php\/odjazdy-autobusow\/\">Odjazdy Autobus\u00f3w<\/a><\/li>\n<li class=\"menu-item menu-item-type-post_type menu-item-object-page menu-item-59\"><a href=\"https:\/\/zsp.lbo1.pl\/Woj\/wordpress\/index.php\/ogloszenia\/\">Og\u0142oszenia<\/a><\/li>\n<li class=\"menu-item menu-item-type-post_type menu-item-object-page menu-item-63\"><a href=\"https:\/\/zsp.lbo1.pl\/Woj\/wordpress\/index.php\/strona-glowna\/\">Strona G\u0142\u00f3wna<\/a><\/li>\n<\/ul><\/div>\t\t\t\t\t\t\t\t<\/div>\n\t\t\t\t<\/div>\n\t\t\t\t\t<\/div>\n\t\t\t\t<\/div>\n\t\t<div class=\"elementor-element elementor-element-e853299 e-flex e-con-boxed e-con e-parent\" data-id=\"e853299\" data-element_type=\"container\">\n\t\t\t\t\t<div class=\"e-con-inner\">\n\t\t\t\t<div class=\"elementor-element elementor-element-0c8f6f2 elementor-widget elementor-widget-html\" data-id=\"0c8f6f2\" data-element_type=\"widget\" data-widget_type=\"html.default\">\n\t\t\t\t<div class=\"elementor-widget-container\">\n\t\t\t\t\t<!DOCTYPE html>\n<html lang=\"pl\">\n<head>\n    <meta charset=\"UTF-8\">\n    <meta name=\"viewport\" content=\"width=device-width, initial-scale=1.0\">\n    <title>Szko\u0142a Podstawowa w Przybiernowie<\/title>\n    <link rel=\"stylesheet\" href=\"style.css\">\n<\/head>\n<body>\n    <!-- Nag\u0142\u00f3wek -->\n    <header>\n        <div class=\"container\">\n            <h1>Szko\u0142a Podstawowa w Przybiernowie<\/h1>\n            <p>Szko\u0142a patronatu Miko\u0142aja Kopernika<\/p>\n        <\/div>\n    <\/header>\n\n    <!-- Sekcja O Szkole -->\n    <section id=\"o-szkole\" class=\"section\">\n        <div class=\"container\">\n            <h2>O Szkole<\/h2>\n            <p>wymysl opis szkoly .<\/p>\n        <\/div>\n    <\/section>\n\n    <\n    <section id=\"aktualnosci\" class=\"section\">\n        <div class=\"container\">\n            <h2>Aktualno\u015bci<\/h2>\n            <article class=\"news-item\">\n            \n            <\/article>\n        <\/div>\n    <\/section>\n\n    <!-- Sekcja Galeria -->\n    <section id=\"galeria\" class=\"section\">\n        <div class=\"container\"\n            \n        <\/div>\n    <\/section>\n\n    <!-- Sekcja Kontakt -->\n    <section id=\"kontakt\" class=\"section\">\n        <div class=\"container\">\n            <h2>Kontakt<\/h2>\n            <p><strong>Adres:<\/strong>  Ko\u015bciuszki 16, 72-110  Przybiern\u00f3w<\/p>\n            <p><strong>Telefon:<\/strong> +48 91 418 66 71<\/p>\n            <p><strong>Email:<\/strong> ?<\/p>\n        <\/div>\n    <\/section>\n\n    <!-- Stopka -->\n    <footer>\n        <div class=\"container\">\n            \n        <\/div>\n    <\/footer>\n<\/body>\n<\/html>\t\t\t\t<\/div>\n\t\t\t\t<\/div>\n\t\t\t\t\t<\/div>\n\t\t\t\t<\/div>\n\t\t<div class=\"elementor-element elementor-element-7375f20 e-flex e-con-boxed e-con e-parent\" data-id=\"7375f20\" data-element_type=\"container\">\n\t\t\t\t\t<div class=\"e-con-inner\">\n\t\t\t\t<div class=\"elementor-element elementor-element-28f125d elementor-widget elementor-widget-html\" data-id=\"28f125d\" data-element_type=\"widget\" data-widget_type=\"html.default\">\n\t\t\t\t<div class=\"elementor-widget-container\">\n\t\t\t\t\t<!DOCTYPE html>\r\n<html lang=\"pl\">\r\n<head>\r\n  <meta charset=\"UTF-8\">\r\n  <meta name=\"viewport\" content=\"width=device-width, initial-scale=1.0\">\r\n  <title>Odliczanie do ferii<\/title>\r\n  <style>\r\n    body {\r\n      font-family: Arial, sans-serif;\r\n      margin: 0;\r\n      padding: 0;\r\n      display: flex;\r\n      flex-direction: column;\r\n      justify-content: center;\r\n      align-items: center;\r\n      height: 100vh;\r\n      background-color: #f0f8ff;\r\n      color: #333;\r\n      text-align: center;\r\n    }\r\n\r\n    h1 {\r\n      font-size: 3rem;\r\n      margin-bottom: 30px;\r\n    }\r\n\r\n    .countdown-container {\r\n      display: flex;\r\n      align-items: center;\r\n      justify-content: center;\r\n      gap: 20px;\r\n    }\r\n\r\n    .countdown {\r\n      font-size: 1.5rem;\r\n      text-align: left;\r\n    }\r\n\r\n    .exclamation {\r\n      font-size: 5rem;\r\n      color: red;\r\n      font-weight: bold;\r\n    }\r\n  <\/style>\r\n<\/head>\r\n<body>\r\n  <h1>Odliczanie do ferii<\/h1>\r\n  <div class=\"countdown-container\">\r\n    <div class=\"countdown\" id=\"countdown\"><\/div>\r\n    <div class=\"exclamation\">!<\/div>\r\n  <\/div>\r\n\r\n  <script>\r\n  \r\n    const ferieDate = new Date(\"2025-02-03T00:00:00\");\r\n\r\n    function updateCountdown() {\r\n      const now = new Date();\r\n      const timeLeft = ferieDate - now;\r\n\r\n      if (timeLeft <= 0) {\r\n        document.getElementById(\"countdown\").textContent = \"Ferie si\u0119 rozpocz\u0119\u0142y!\";\r\n        clearInterval(interval);\r\n        return;\r\n      }\r\n\r\n      const days = Math.floor(timeLeft \/ (1000 * 60 * 60 * 24));\r\n      const hours = Math.floor((timeLeft % (1000 * 60 * 60 * 24)) \/ (1000 * 60 * 60));\r\n      const minutes = Math.floor((timeLeft % (1000 * 60 * 60)) \/ (1000 * 60));\r\n      const seconds = Math.floor((timeLeft % (1000 * 60)) \/ 1000);\r\n\r\n      document.getElementById(\"countdown\").textContent = \r\n        `${days} dni, ${hours} godzin, ${minutes} minut, ${seconds} sekund`;\r\n    }\r\n\r\n  \r\n    const interval = setInterval(updateCountdown, 1000);\r\n  <\/script>\r\n<\/body>\r\n<\/html>\r\n\t\t\t\t<\/div>\n\t\t\t\t<\/div>\n\t\t\t\t\t<\/div>\n\t\t\t\t<\/div>\n\t\t<div class=\"elementor-element elementor-element-54bef8a e-flex e-con-boxed e-con e-parent\" data-id=\"54bef8a\" data-element_type=\"container\">\n\t\t\t\t\t<div class=\"e-con-inner\">\n\t\t\t\t<div class=\"elementor-element elementor-element-f8a0d5d elementor-widget elementor-widget-html\" data-id=\"f8a0d5d\" data-element_type=\"widget\" data-widget_type=\"html.default\">\n\t\t\t\t<div class=\"elementor-widget-container\">\n\t\t\t\t\t<div style=\"padding: 10px; border: 2px solid #0078D7; border-radius: 8px; background-color: #f5f5f5; text-align: center;\">\r\n    <h3 style=\"margin-bottom: 10px; color: #0078D7;\">Librus Synergia<\/h3>\r\n    <a href=\"https:\/\/synergia.librus.pl\/\" target=\"_blank\" style=\"text-decoration: none; color: #fff; background-color: #0078D7; padding: 10px 20px; border-radius: 5px; display: inline-block; font-weight: bold;\">Przejd\u017a do Librus<\/a>\r\n<\/div>\r\n\t\t\t\t<\/div>\n\t\t\t\t<\/div>\n\t\t\t\t\t<\/div>\n\t\t\t\t<\/div>\n\t\t\t\t<\/div>\n\t\t","protected":false},"excerpt":{"rendered":"<p>Szko\u0142a Podstawowa w Przybiernowie Szko\u0142a Podstawowa w Przybiernowie Szko\u0142a patronatu Miko\u0142aja Kopernika O Szkole wymysl opis szkoly . < Aktualno\u015bci Kontakt Adres: Ko\u015bciuszki 16, 72-110 Przybiern\u00f3w Telefon: +48 91 418\n\n<div class=\"more-link\">\n\t\t\t\t <a href=\"https:\/\/zsp.lbo1.pl\/Woj\/wordpress\/index.php\/strona-glowna\/\" class=\"link-btn\"><span>Czytaj dalej <\/span> <i class=\"icofont-thin-double-right\"><\/i><\/a>\n\t\t\t<\/div>\n","protected":false},"author":1,"featured_media":0,"parent":0,"menu_order":0,"comment_status":"closed","ping_status":"closed","template":"","meta":{"_price":"","_stock":"","_tribe_ticket_header":"","_tribe_default_ticket_provider":"","_tribe_ticket_capacity":"0","_ticket_start_date":"","_ticket_end_date":"","_tribe_ticket_show_description":"","_tribe_ticket_show_not_going":false,"_tribe_ticket_use_global_stock":"","_tribe_ticket_global_stock_level":"","_global_stock_mode":"","_global_stock_cap":"","_tribe_rsvp_for_event":"","_tribe_ticket_going_count":"","_tribe_ticket_not_going_count":"","_tribe_tickets_list":"[]","_tribe_ticket_has_attendee_info_fields":false,"footnotes":"","_tec_slr_enabled":"","_tec_slr_layout":""},"class_list":["post-61","page","type-page","status-publish","hentry"],"ticketed":false,"_links":{"self":[{"href":"https:\/\/zsp.lbo1.pl\/Woj\/wordpress\/index.php\/wp-json\/wp\/v2\/pages\/61","targetHints":{"allow":["GET"]}}],"collection":[{"href":"https:\/\/zsp.lbo1.pl\/Woj\/wordpress\/index.php\/wp-json\/wp\/v2\/pages"}],"about":[{"href":"https:\/\/zsp.lbo1.pl\/Woj\/wordpress\/index.php\/wp-json\/wp\/v2\/types\/page"}],"author":[{"embeddable":true,"href":"https:\/\/zsp.lbo1.pl\/Woj\/wordpress\/index.php\/wp-json\/wp\/v2\/users\/1"}],"replies":[{"embeddable":true,"href":"https:\/\/zsp.lbo1.pl\/Woj\/wordpress\/index.php\/wp-json\/wp\/v2\/comments?post=61"}],"version-history":[{"count":8,"href":"https:\/\/zsp.lbo1.pl\/Woj\/wordpress\/index.php\/wp-json\/wp\/v2\/pages\/61\/revisions"}],"predecessor-version":[{"id":129,"href":"https:\/\/zsp.lbo1.pl\/Woj\/wordpress\/index.php\/wp-json\/wp\/v2\/pages\/61\/revisions\/129"}],"wp:attachment":[{"href":"https:\/\/zsp.lbo1.pl\/Woj\/wordpress\/index.php\/wp-json\/wp\/v2\/media?parent=61"}],"curies":[{"name":"wp","href":"https:\/\/api.w.org\/{rel}","templated":true}]}}