{"id":23,"date":"2025-01-22T01:23:17","date_gmt":"2025-01-22T00:23:17","guid":{"rendered":"https:\/\/zsp.lbo1.pl\/Woj\/wordpress\/?page_id=23"},"modified":"2025-01-27T00:57:44","modified_gmt":"2025-01-26T23:57:44","slug":"plan-lekcji","status":"publish","type":"page","link":"https:\/\/zsp.lbo1.pl\/Woj\/wordpress\/index.php\/plan-lekcji\/","title":{"rendered":"Plan Lekcji"},"content":{"rendered":"\t\t<div data-elementor-type=\"wp-page\" data-elementor-id=\"23\" class=\"elementor elementor-23\">\n\t\t\t\t<div class=\"elementor-element elementor-element-e1fd52e e-flex e-con-boxed e-con e-parent\" data-id=\"e1fd52e\" data-element_type=\"container\">\n\t\t\t\t\t<div class=\"e-con-inner\">\n\t\t\t\t<div class=\"elementor-element elementor-element-e7a643e elementor-widget elementor-widget-html\" data-id=\"e7a643e\" data-element_type=\"widget\" data-widget_type=\"html.default\">\n\t\t\t\t<div class=\"elementor-widget-container\">\n\t\t\t\t\t<div style=\"text-align: center; margin: 20px;\">\r\n    <h1 style=\"color: #0078D7; font-size: 2.5em; margin-bottom: 20px;\">Plan Lekcji<\/h1>\r\n    <p style=\"margin-bottom: 30px; color: #555;\">Wybierz swoj\u0105 klas\u0119, aby zobaczy\u0107 szczeg\u00f3\u0142owy plan lekcji.<\/p>\r\n    <div style=\"display: grid; grid-template-columns: repeat(auto-fit, minmax(150px, 1fr)); gap: 20px; max-width: 800px; margin: 0 auto;\">\r\n        <a href=\"\/4A\" class=\"class-link\">Klasa 4A<\/a>\r\n        <a href=\"\/4B\" class=\"class-link\">Klasa 4B<\/a>\r\n        <a href=\"\/5A\" class=\"class-link\">Klasa 5A<\/a>\r\n        <a href=\"\/5B\" class=\"class-link\">Klasa 5B<\/a>\r\n        <a href=\"\/6A\" class=\"class-link\">Klasa 6A<\/a>\r\n        <a href=\"\/6B\" class=\"class-link\">Klasa 6B<\/a>\r\n        <a href=\"\/7A\" class=\"class-link\">Klasa 7A<\/a>\r\n        <a href=\"\/7B\" class=\"class-link\">Klasa 7B<\/a>\r\n        <a href=\"\/8A\" class=\"class-link\">Klasa 8A<\/a>\r\n        <a href=\"\/8B\" class=\"class-link\">Klasa 8B<\/a>\r\n    <\/div>\r\n<\/div>\r\n\t\t\t\t<\/div>\n\t\t\t\t<\/div>\n\t\t\t\t\t<\/div>\n\t\t\t\t<\/div>\n\t\t\t\t<\/div>\n\t\t","protected":false},"excerpt":{"rendered":"<p>Plan Lekcji Wybierz swoj\u0105 klas\u0119, aby zobaczy\u0107 szczeg\u00f3\u0142owy plan lekcji. Klasa 4A Klasa 4B Klasa 5A Klasa 5B Klasa 6A Klasa 6B Klasa 7A Klasa 7B Klasa 8A Klasa 8B<\/p>\n","protected":false},"author":1,"featured_media":0,"parent":0,"menu_order":0,"comment_status":"closed","ping_status":"closed","template":"","meta":{"_price":"","_stock":"","_tribe_ticket_header":"","_tribe_default_ticket_provider":"","_tribe_ticket_capacity":"0","_ticket_start_date":"","_ticket_end_date":"","_tribe_ticket_show_description":"","_tribe_ticket_show_not_going":false,"_tribe_ticket_use_global_stock":"","_tribe_ticket_global_stock_level":"","_global_stock_mode":"","_global_stock_cap":"","_tribe_rsvp_for_event":"","_tribe_ticket_going_count":"","_tribe_ticket_not_going_count":"","_tribe_tickets_list":"[]","_tribe_ticket_has_attendee_info_fields":false,"footnotes":"","_tec_slr_enabled":"","_tec_slr_layout":""},"class_list":["post-23","page","type-page","status-publish","hentry"],"ticketed":false,"_links":{"self":[{"href":"https:\/\/zsp.lbo1.pl\/Woj\/wordpress\/index.php\/wp-json\/wp\/v2\/pages\/23","targetHints":{"allow":["GET"]}}],"collection":[{"href":"https:\/\/zsp.lbo1.pl\/Woj\/wordpress\/index.php\/wp-json\/wp\/v2\/pages"}],"about":[{"href":"https:\/\/zsp.lbo1.pl\/Woj\/wordpress\/index.php\/wp-json\/wp\/v2\/types\/page"}],"author":[{"embeddable":true,"href":"https:\/\/zsp.lbo1.pl\/Woj\/wordpress\/index.php\/wp-json\/wp\/v2\/users\/1"}],"replies":[{"embeddable":true,"href":"https:\/\/zsp.lbo1.pl\/Woj\/wordpress\/index.php\/wp-json\/wp\/v2\/comments?post=23"}],"version-history":[{"count":7,"href":"https:\/\/zsp.lbo1.pl\/Woj\/wordpress\/index.php\/wp-json\/wp\/v2\/pages\/23\/revisions"}],"predecessor-version":[{"id":123,"href":"https:\/\/zsp.lbo1.pl\/Woj\/wordpress\/index.php\/wp-json\/wp\/v2\/pages\/23\/revisions\/123"}],"wp:attachment":[{"href":"https:\/\/zsp.lbo1.pl\/Woj\/wordpress\/index.php\/wp-json\/wp\/v2\/media?parent=23"}],"curies":[{"name":"wp","href":"https:\/\/api.w.org\/{rel}","templated":true}]}}